{"id":954,"date":"2025-08-21T13:35:49","date_gmt":"2025-08-21T11:35:49","guid":{"rendered":"https:\/\/lanestergymdotfr.wordpress.com\/?page_id=36"},"modified":"2025-08-31T18:15:41","modified_gmt":"2025-08-31T16:15:41","slug":"partenaires","status":"publish","type":"page","link":"https:\/\/www.lanestergym.fr\/index.php\/partenaires\/","title":{"rendered":"Nos partenaires"},"content":{"rendered":"\n<div class=\"wp-block-group alignwide is-layout-flow wp-block-group-is-layout-flow\" style=\"margin-top:var(--wp--preset--spacing--10);margin-bottom:var(--wp--preset--spacing--10);padding-top:0;padding-bottom:0\">\n<div class=\"wp-block-columns is-layout-flex wp-container-core-columns-is-layout-87351f0e wp-block-columns-is-layout-flex\" style=\"padding-top:var(--wp--preset--spacing--10);padding-right:var(--wp--preset--spacing--10);padding-bottom:var(--wp--preset--spacing--10);padding-left:var(--wp--preset--spacing--10)\">\n<div class=\"wp-block-column has-text-color has-background has-link-color wp-elements-f6da8870cdf1324444f1e600238c7288 is-layout-flow wp-container-core-column-is-layout-29aab676 wp-block-column-is-layout-flow\" style=\"border-radius:10px;color:#f5f4f2;background-color:#372c4a;padding-top:var(--wp--preset--spacing--10);padding-right:var(--wp--preset--spacing--10);padding-bottom:var(--wp--preset--spacing--10);padding-left:var(--wp--preset--spacing--10);box-shadow:var(--wp--preset--shadow--deep)\">\n<div class=\"wp-block-group is-vertical is-content-justification-center is-layout-flex wp-container-core-group-is-layout-ce155fab wp-block-group-is-layout-flex\">\n<p class=\"has-text-align-center has-base-color has-text-color has-link-color wp-elements-27cd8d8bd9ed10e2c7ffd71f75f4c7ae\" style=\"border-bottom-style:none;border-bottom-width:0px\"><a href=\"https:\/\/lorient.metropolisfunparc.com\/?gad_source=1&amp;gad_campaignid=22173851907&amp;gbraid=0AAAAADOUzZCHiOcBKl2uNtZhqXDiRWrvP&amp;gclid=Cj0KCQjwh5vFBhCyARIsAHBx2wxXE6wc3pY1eu01KFI9Q5jftXSHbD4hzIkSzr9-KnlLBs3HWiszraAaAp7YEALw_wcB\" target=\"_blank\" rel=\"noreferrer noopener\">Metropolis Fun Park Lorient<\/a><\/p>\n<\/div>\n\n\n\n<figure class=\"wp-block-image size-large\"><img decoding=\"async\" src=\"https:\/\/lorient.metropolisfunparc.com\/wp-content\/uploads\/2024\/06\/4-1.png\" alt=\"\"\/><\/figure>\n<\/div>\n\n\n\n<div class=\"wp-block-column has-text-color has-background has-link-color wp-elements-0b0dba56641e6804a1a18359d047aad4 is-layout-flow wp-container-core-column-is-layout-29aab676 wp-block-column-is-layout-flow\" style=\"border-radius:10px;color:#f5f4f2;background-color:#372c4a;padding-top:var(--wp--preset--spacing--10);padding-right:var(--wp--preset--spacing--10);padding-bottom:var(--wp--preset--spacing--10);padding-left:var(--wp--preset--spacing--10);box-shadow:var(--wp--preset--shadow--deep)\">\n<div class=\"wp-block-group is-vertical is-content-justification-center is-layout-flex wp-container-core-group-is-layout-ce155fab wp-block-group-is-layout-flex\">\n<p class=\"has-text-align-center has-base-color has-text-color has-link-color wp-elements-b5ca4d598a13825dd4e05dddf52d95f1\" style=\"border-bottom-style:none;border-bottom-width:0px\"><a href=\"https:\/\/www.terredegymnaste.fr\/\" target=\"_blank\" rel=\"noreferrer noopener\">Terre de gymnaste<\/a><\/p>\n<\/div>\n\n\n\n<figure class=\"wp-block-image size-large\"><img decoding=\"async\" src=\"https:\/\/www.terredegymnaste.fr\/images\/terre-de-gymnaste_3_360.png\" alt=\"\"\/><\/figure>\n<\/div>\n\n\n\n<div class=\"wp-block-column has-text-color has-background has-link-color wp-elements-a9ad5b648abdf3ea369598e1a1f77675 is-layout-flow wp-container-core-column-is-layout-29aab676 wp-block-column-is-layout-flow\" style=\"border-radius:10px;color:#f5f4f2;background-color:#372c4a;padding-top:var(--wp--preset--spacing--10);padding-right:var(--wp--preset--spacing--10);padding-bottom:var(--wp--preset--spacing--10);padding-left:var(--wp--preset--spacing--10);box-shadow:var(--wp--preset--shadow--deep)\">\n<div class=\"wp-block-group is-vertical is-content-justification-center is-layout-flex wp-container-core-group-is-layout-ce155fab wp-block-group-is-layout-flex\">\n<p class=\"has-text-align-center has-base-color has-text-color has-link-color wp-elements-7d928bfa12b3039ab8aac055eb20c5bc\" style=\"border-bottom-style:none;border-bottom-width:0px\"><a href=\"https:\/\/www.facebook.com\/vandbcaudan\/?locale=fr_FR\" target=\"_blank\" rel=\"noreferrer noopener\">V and B Caudan<\/a><\/p>\n<\/div>\n\n\n\n<figure class=\"wp-block-image aligncenter size-large\"><img decoding=\"async\" src=\"https:\/\/www.vandb.fr\/media\/cache\/attachment\/filter\/dtc_company_logo\/987d2ee2375d2e2a3474f61a7a150a1e\/573544\/6630abdbeb4d5050491219.png\" alt=\"\"\/><\/figure>\n<\/div>\n\n\n\n<div class=\"wp-block-column has-text-color has-background has-link-color wp-elements-ae9be8d5f8ae61591779833db5c11cda is-layout-flow wp-container-core-column-is-layout-29aab676 wp-block-column-is-layout-flow\" style=\"border-radius:10px;color:#f5f4f2;background-color:#372c4a;padding-top:var(--wp--preset--spacing--10);padding-right:var(--wp--preset--spacing--10);padding-bottom:var(--wp--preset--spacing--10);padding-left:var(--wp--preset--spacing--10);box-shadow:var(--wp--preset--shadow--deep)\">\n<div class=\"wp-block-group is-vertical is-content-justification-center is-layout-flex wp-container-core-group-is-layout-ce155fab wp-block-group-is-layout-flex\">\n<p class=\"has-text-align-center has-base-color has-text-color has-link-color wp-elements-051cb6bded2f159af959f8072d4faa65\" style=\"border-bottom-style:none;border-bottom-width:0px\"><a href=\"https:\/\/lacavedubonheur.fr\/\" target=\"_blank\" rel=\"noreferrer noopener\">La cave du bonheur<\/a><\/p>\n<\/div>\n\n\n\n<figure class=\"wp-block-image aligncenter size-large\"><img decoding=\"async\" src=\"https:\/\/lacavedubonheur.fr\/wp-content\/uploads\/2024\/05\/cave_du_bonheur_logo_-LANESTER_LORIENT_CAUDAN.jpg\" alt=\"\"\/><\/figure>\n<\/div>\n<\/div>\n\n\n\n<div class=\"wp-block-columns is-layout-flex wp-container-core-columns-is-layout-87351f0e wp-block-columns-is-layout-flex\" style=\"padding-top:var(--wp--preset--spacing--10);padding-right:var(--wp--preset--spacing--10);padding-bottom:var(--wp--preset--spacing--10);padding-left:var(--wp--preset--spacing--10)\">\n<div class=\"wp-block-column has-text-color has-background has-link-color wp-elements-32d02216fb665ae2045cb9355f5b04fa is-layout-flow wp-container-core-column-is-layout-29aab676 wp-block-column-is-layout-flow\" style=\"border-radius:10px;color:#f5f4f2;background-color:#372c4a;padding-top:var(--wp--preset--spacing--10);padding-right:var(--wp--preset--spacing--10);padding-bottom:var(--wp--preset--spacing--10);padding-left:var(--wp--preset--spacing--10);box-shadow:var(--wp--preset--shadow--deep)\">\n<div class=\"wp-block-group is-vertical is-content-justification-center is-layout-flex wp-container-core-group-is-layout-ce155fab wp-block-group-is-layout-flex\">\n<p class=\"has-text-align-center has-base-color has-text-color has-link-color wp-elements-53f0bc65303357dc871a919896332c25\" style=\"border-bottom-style:none;border-bottom-width:0px\"><a href=\"https:\/\/www.carrefour.fr\/magasin\/city-lanester\" target=\"_blank\" rel=\"noreferrer noopener\">Carrefour city Lanester<\/a><\/p>\n<\/div>\n\n\n\n<figure class=\"wp-block-image aligncenter size-large\"><img decoding=\"async\" src=\"https:\/\/upload.wikimedia.org\/wikipedia\/fr\/thumb\/3\/3b\/Logo_Carrefour.svg\/589px-Logo_Carrefour.svg.png?20140607064500\" alt=\"\"\/><\/figure>\n<\/div>\n\n\n\n<div class=\"wp-block-column is-vertically-aligned-stretch has-text-color has-background has-link-color wp-elements-263463095ccaf8ea078ce9733f09754b is-layout-flow wp-container-core-column-is-layout-29aab676 wp-block-column-is-layout-flow\" style=\"border-radius:10px;color:#f5f4f2;background-color:#372c4a;padding-top:var(--wp--preset--spacing--10);padding-right:var(--wp--preset--spacing--10);padding-bottom:var(--wp--preset--spacing--10);padding-left:var(--wp--preset--spacing--10);box-shadow:var(--wp--preset--shadow--deep)\">\n<div class=\"wp-block-group is-vertical is-content-justification-stretch is-layout-flex wp-container-core-group-is-layout-353c4f5a wp-block-group-is-layout-flex\">\n<p class=\"has-text-align-center has-base-color has-text-color has-link-color wp-elements-ee9a1606f339d7556cc19e12d56eb8dc\" style=\"border-bottom-style:none;border-bottom-width:0px\"><a href=\"https:\/\/www.intersport.fr\/Morbihan-56\/LANESTER-56600\/INTERSPORT-LANESTER\/00581_000\/\" target=\"_blank\" rel=\"noreferrer noopener\">Intersport Lanester<\/a><\/p>\n\n\n\n<figure class=\"wp-block-image size-large\" style=\"margin-top:var(--wp--preset--spacing--40);margin-bottom:var(--wp--preset--spacing--40)\"><img decoding=\"async\" src=\"https:\/\/imagesressource.intersport.fr\/v2\/_ui\/responsive\/theme-intersport-fr-v2\/img\/logo_is.svg\" alt=\"\"\/><\/figure>\n<\/div>\n<\/div>\n\n\n\n<div class=\"wp-block-column has-text-color has-background has-link-color wp-elements-47d3e8f92734d523e1f1935185b3bb3e is-layout-flow wp-container-core-column-is-layout-14a0a060 wp-block-column-is-layout-flow\" style=\"border-radius:10px;color:#f5f4f2;background-color:#372c4a;padding-top:var(--wp--preset--spacing--10);padding-right:var(--wp--preset--spacing--10);padding-bottom:var(--wp--preset--spacing--10);padding-left:var(--wp--preset--spacing--10);box-shadow:var(--wp--preset--shadow--deep)\">\n<div class=\"wp-block-group is-vertical is-content-justification-center is-layout-flex wp-container-core-group-is-layout-ce155fab wp-block-group-is-layout-flex\">\n<p class=\"has-text-align-center has-base-color has-text-color has-link-color wp-elements-1a8ec919603b54781522d2e796b8b446\" style=\"border-bottom-style:none;border-bottom-width:0px\"><a href=\"https:\/\/www.facebook.com\/p\/L-Expresso-100057423850219\/?locale=fr_FR\" target=\"_blank\" rel=\"noreferrer noopener\">L&rsquo;Expresso<\/a><\/p>\n<\/div>\n\n\n\n<figure class=\"wp-block-image aligncenter size-full\"><img decoding=\"async\" width=\"608\" height=\"608\" src=\"https:\/\/www.lanestergym.fr\/wp-content\/uploads\/2025\/08\/lexpressoLogo.jpg\" alt=\"\" class=\"wp-image-1387\" srcset=\"https:\/\/www.lanestergym.fr\/wp-content\/uploads\/2025\/08\/lexpressoLogo.jpg 608w, https:\/\/www.lanestergym.fr\/wp-content\/uploads\/2025\/08\/lexpressoLogo-300x300.jpg 300w, https:\/\/www.lanestergym.fr\/wp-content\/uploads\/2025\/08\/lexpressoLogo-150x150.jpg 150w\" sizes=\"(max-width: 608px) 100vw, 608px\" \/><\/figure>\n<\/div>\n\n\n\n<div class=\"wp-block-column has-text-color has-background has-link-color wp-elements-d66ab79d6fc894de39c64249a7d57847 is-layout-flow wp-container-core-column-is-layout-93870563 wp-block-column-is-layout-flow\" style=\"border-radius:10px;color:#f5f4f2;background-color:#372c4a;padding-top:var(--wp--preset--spacing--10);padding-right:var(--wp--preset--spacing--10);padding-bottom:var(--wp--preset--spacing--10);padding-left:var(--wp--preset--spacing--10);box-shadow:var(--wp--preset--shadow--deep)\">\n<div class=\"wp-block-group is-vertical is-content-justification-center is-layout-flex wp-container-core-group-is-layout-ce155fab wp-block-group-is-layout-flex\">\n<p class=\"has-text-align-center has-base-color has-text-color has-link-color wp-elements-034ccbf59a840d42c4f98ad47724ad7b\" style=\"border-bottom-style:none;border-bottom-width:0px\"><a href=\"https:\/\/bretagne.ffgym.fr\/Comite\" target=\"_blank\" rel=\"noreferrer noopener\">Comit\u00e9 de Bretagne FFG<\/a><\/p>\n<\/div>\n\n\n\n<figure class=\"wp-block-image aligncenter size-large\"><img decoding=\"async\" src=\"https:\/\/upload.wikimedia.org\/wikipedia\/fr\/8\/88\/Logo_F%C3%A9d%C3%A9ration_Fran%C3%A7aise_Gymnastique_-_2013.svg\" alt=\"\"\/><\/figure>\n<\/div>\n<\/div>\n\n\n\n<div class=\"wp-block-columns is-layout-flex wp-container-core-columns-is-layout-87351f0e wp-block-columns-is-layout-flex\" style=\"padding-top:var(--wp--preset--spacing--10);padding-right:var(--wp--preset--spacing--10);padding-bottom:var(--wp--preset--spacing--10);padding-left:var(--wp--preset--spacing--10)\">\n<div class=\"wp-block-column has-text-color has-background has-link-color wp-elements-3a92f6413677320bce9bc2a7cafb9e52 is-layout-flow wp-container-core-column-is-layout-14a0a060 wp-block-column-is-layout-flow\" style=\"border-radius:10px;color:#f5f4f2;background-color:#372c4a;padding-top:var(--wp--preset--spacing--10);padding-right:var(--wp--preset--spacing--10);padding-bottom:var(--wp--preset--spacing--10);padding-left:var(--wp--preset--spacing--10);box-shadow:var(--wp--preset--shadow--deep)\">\n<div class=\"wp-block-group is-vertical is-content-justification-center is-layout-flex wp-container-core-group-is-layout-ce155fab wp-block-group-is-layout-flex\">\n<p class=\"has-text-align-center has-base-color has-text-color has-link-color wp-elements-6c7f0c897f6afd3de242c45a459552e2\" style=\"border-bottom-style:none;border-bottom-width:0px\"><a href=\"https:\/\/www.lanester.bzh\/\" target=\"_blank\" rel=\"noreferrer noopener\">Ville de Lanester<\/a><\/p>\n<\/div>\n\n\n\n<figure class=\"wp-block-image aligncenter size-large\"><img decoding=\"async\" src=\"https:\/\/www.lanester.bzh\/fileadmin\/templates\/LA\/images\/logo-lanester-blanc.png\" alt=\"\"\/><\/figure>\n<\/div>\n\n\n\n<div class=\"wp-block-column has-text-color has-background has-link-color wp-elements-fd2f0f08b128592c5d3a4b748b141df2 is-layout-flow wp-container-core-column-is-layout-14a0a060 wp-block-column-is-layout-flow\" style=\"border-radius:10px;color:#f5f4f2;background-color:#372c4a;padding-top:var(--wp--preset--spacing--10);padding-right:var(--wp--preset--spacing--10);padding-bottom:var(--wp--preset--spacing--10);padding-left:var(--wp--preset--spacing--10);box-shadow:var(--wp--preset--shadow--deep)\">\n<div class=\"wp-block-group is-vertical is-content-justification-center is-layout-flex wp-container-core-group-is-layout-ce155fab wp-block-group-is-layout-flex\">\n<p class=\"has-text-align-center has-base-color has-text-color has-link-color wp-elements-32f7e14383d4044f8428fce7fbb54977\" style=\"border-bottom-style:none;border-bottom-width:0px\"><a href=\"https:\/\/www.hoata-tiki-tattoo.fr\/\" data-type=\"link\" data-id=\"https:\/\/www.hoata-tiki-tattoo.fr\/\" target=\"_blank\" rel=\"noreferrer noopener\">Hoata Tiki Tattoo<\/a><\/p>\n<\/div>\n\n\n\n<figure class=\"wp-block-image aligncenter size-large\"><img decoding=\"async\" src=\"https:\/\/www.hoata-tiki-tattoo.fr\/wp-content\/uploads\/2021\/03\/RANGINUI-HOATA-TIKI-TATTOO-Produits-Polynesiens-Bretagne-LOGO-1.png\" alt=\"\"\/><\/figure>\n<\/div>\n\n\n\n<div class=\"wp-block-column is-vertically-aligned-stretch has-text-color has-background has-link-color wp-elements-9d9dfc9f7d60d8a57f038854dfa669ef is-layout-flow wp-container-core-column-is-layout-14a0a060 wp-block-column-is-layout-flow\" style=\"border-radius:10px;color:#f5f4f2;background-color:#372c4a;padding-top:var(--wp--preset--spacing--10);padding-right:var(--wp--preset--spacing--10);padding-bottom:var(--wp--preset--spacing--10);padding-left:var(--wp--preset--spacing--10);box-shadow:var(--wp--preset--shadow--deep)\">\n<div class=\"wp-block-group is-vertical is-content-justification-center is-layout-flex wp-container-core-group-is-layout-ce155fab wp-block-group-is-layout-flex\">\n<p class=\"has-text-align-center has-base-color has-text-color has-link-color wp-elements-e37704eb60d45887145461252f6abee4\" style=\"border-bottom-style:none;border-bottom-width:0px\"><a href=\"https:\/\/www.collegehenriwallon-lanester.ac-rennes.fr\/\" target=\"_blank\" rel=\"noreferrer noopener\">College Henri Wallon Lanester<\/a><\/p>\n<\/div>\n\n\n\n<div class=\"wp-block-group is-vertical is-content-justification-center is-layout-flex wp-container-core-group-is-layout-ce155fab wp-block-group-is-layout-flex\">\n<p class=\"has-text-align-center has-base-color has-text-color has-link-color wp-elements-0c9a76f39cb4359bd3278413300e1403\" style=\"border-bottom-style:none;border-bottom-width:0px\"><a href=\"http:\/\/www.lycee-jean-mace-lanester.fr\/\" target=\"_blank\" rel=\"noreferrer noopener\">Lycee Jean Mac\u00e9 Lanester<\/a><\/p>\n<\/div>\n\n\n\n<div class=\"wp-block-group is-vertical is-content-justification-center is-layout-flex wp-container-core-group-is-layout-ce155fab wp-block-group-is-layout-flex\">\n<p class=\"has-text-align-center has-base-color has-text-color has-link-color wp-elements-3b0e01461a1596a10a96fde469469f78\" style=\"border-bottom-style:none;border-bottom-width:0px\"><a href=\"https:\/\/ndplanester.org\/ndp\/\" target=\"_blank\" rel=\"noreferrer noopener\">Coll\u00e8ge Notre-Dame du Pont Lanester<\/a><\/p>\n<\/div>\n<\/div>\n<\/div>\n<\/div>\n","protected":false},"excerpt":{"rendered":"<p>Metropolis Fun Park Lorient Terre de gymnaste V and B Caudan La cave du bonheur Carrefour city Lanester Intersport Lanester L&rsquo;Expresso Comit\u00e9 de Bretagne FFG Ville de Lanester Hoata Tiki Tattoo College Henri Wallon Lanester Lycee Jean Mac\u00e9 Lanester Coll\u00e8ge Notre-Dame du Pont Lanester<\/p>\n","protected":false},"author":4,"featured_media":0,"parent":0,"menu_order":3,"comment_status":"closed","ping_status":"closed","template":"","meta":{"_uag_custom_page_level_css":"","footnotes":""},"class_list":["post-954","page","type-page","status-publish","hentry"],"yoast_head":"<!-- This site is optimized with the Yoast SEO plugin v27.2 - https:\/\/yoast.com\/product\/yoast-seo-wordpress\/ -->\n<title>Nos partenaires - Lanester Gym<\/title>\n<meta name=\"robots\" content=\"index, follow, max-snippet:-1, max-image-preview:large, max-video-preview:-1\" \/>\n<link rel=\"canonical\" href=\"https:\/\/www.lanestergym.fr\/index.php\/partenaires\/\" \/>\n<meta property=\"og:locale\" content=\"fr_FR\" \/>\n<meta property=\"og:type\" content=\"article\" \/>\n<meta property=\"og:title\" content=\"Nos partenaires - Lanester Gym\" \/>\n<meta property=\"og:description\" content=\"Metropolis Fun Park Lorient Terre de gymnaste V and B Caudan La cave du bonheur Carrefour city Lanester Intersport Lanester L&rsquo;Expresso Comit\u00e9 de Bretagne FFG Ville de Lanester Hoata Tiki Tattoo College Henri Wallon Lanester Lycee Jean Mac\u00e9 Lanester Coll\u00e8ge Notre-Dame du Pont Lanester\" \/>\n<meta property=\"og:url\" content=\"https:\/\/www.lanestergym.fr\/index.php\/partenaires\/\" \/>\n<meta property=\"og:site_name\" content=\"Lanester Gym\" \/>\n<meta property=\"article:publisher\" content=\"https:\/\/www.facebook.com\/gym.lanester.14\" \/>\n<meta property=\"article:modified_time\" content=\"2025-08-31T16:15:41+00:00\" \/>\n<meta property=\"og:image\" content=\"https:\/\/lorient.metropolisfunparc.com\/wp-content\/uploads\/2024\/06\/4-1.png\" \/>\n<meta name=\"twitter:card\" content=\"summary_large_image\" \/>\n<script type=\"application\/ld+json\" class=\"yoast-schema-graph\">{\"@context\":\"https:\/\/schema.org\",\"@graph\":[{\"@type\":\"WebPage\",\"@id\":\"https:\/\/www.lanestergym.fr\/index.php\/partenaires\/\",\"url\":\"https:\/\/www.lanestergym.fr\/index.php\/partenaires\/\",\"name\":\"Nos partenaires - Lanester Gym\",\"isPartOf\":{\"@id\":\"https:\/\/www.lanestergym.fr\/#website\"},\"primaryImageOfPage\":{\"@id\":\"https:\/\/www.lanestergym.fr\/index.php\/partenaires\/#primaryimage\"},\"image\":{\"@id\":\"https:\/\/www.lanestergym.fr\/index.php\/partenaires\/#primaryimage\"},\"thumbnailUrl\":\"https:\/\/lorient.metropolisfunparc.com\/wp-content\/uploads\/2024\/06\/4-1.png\",\"datePublished\":\"2025-08-21T11:35:49+00:00\",\"dateModified\":\"2025-08-31T16:15:41+00:00\",\"breadcrumb\":{\"@id\":\"https:\/\/www.lanestergym.fr\/index.php\/partenaires\/#breadcrumb\"},\"inLanguage\":\"fr-FR\",\"potentialAction\":[{\"@type\":\"ReadAction\",\"target\":[\"https:\/\/www.lanestergym.fr\/index.php\/partenaires\/\"]}]},{\"@type\":\"ImageObject\",\"inLanguage\":\"fr-FR\",\"@id\":\"https:\/\/www.lanestergym.fr\/index.php\/partenaires\/#primaryimage\",\"url\":\"https:\/\/lorient.metropolisfunparc.com\/wp-content\/uploads\/2024\/06\/4-1.png\",\"contentUrl\":\"https:\/\/lorient.metropolisfunparc.com\/wp-content\/uploads\/2024\/06\/4-1.png\"},{\"@type\":\"BreadcrumbList\",\"@id\":\"https:\/\/www.lanestergym.fr\/index.php\/partenaires\/#breadcrumb\",\"itemListElement\":[{\"@type\":\"ListItem\",\"position\":1,\"name\":\"Accueil\",\"item\":\"https:\/\/www.lanestergym.fr\/\"},{\"@type\":\"ListItem\",\"position\":2,\"name\":\"Nos partenaires\"}]},{\"@type\":\"WebSite\",\"@id\":\"https:\/\/www.lanestergym.fr\/#website\",\"url\":\"https:\/\/www.lanestergym.fr\/\",\"name\":\"Lanester Gym\",\"description\":\"Le club de gymnastique du pays Lorientais\",\"publisher\":{\"@id\":\"https:\/\/www.lanestergym.fr\/#organization\"},\"potentialAction\":[{\"@type\":\"SearchAction\",\"target\":{\"@type\":\"EntryPoint\",\"urlTemplate\":\"https:\/\/www.lanestergym.fr\/?s={search_term_string}\"},\"query-input\":{\"@type\":\"PropertyValueSpecification\",\"valueRequired\":true,\"valueName\":\"search_term_string\"}}],\"inLanguage\":\"fr-FR\"},{\"@type\":\"Organization\",\"@id\":\"https:\/\/www.lanestergym.fr\/#organization\",\"name\":\"Lanester Gym\",\"url\":\"https:\/\/www.lanestergym.fr\/\",\"logo\":{\"@type\":\"ImageObject\",\"inLanguage\":\"fr-FR\",\"@id\":\"https:\/\/www.lanestergym.fr\/#\/schema\/logo\/image\/\",\"url\":\"https:\/\/www.lanestergym.fr\/wp-content\/uploads\/2025\/08\/logo.png\",\"contentUrl\":\"https:\/\/www.lanestergym.fr\/wp-content\/uploads\/2025\/08\/logo.png\",\"width\":462,\"height\":333,\"caption\":\"Lanester Gym\"},\"image\":{\"@id\":\"https:\/\/www.lanestergym.fr\/#\/schema\/logo\/image\/\"},\"sameAs\":[\"https:\/\/www.facebook.com\/gym.lanester.14\",\"https:\/\/www.instagram.com\/lanestergym\/\"]}]}<\/script>\n<!-- \/ Yoast SEO plugin. -->","yoast_head_json":{"title":"Nos partenaires - Lanester Gym","robots":{"index":"index","follow":"follow","max-snippet":"max-snippet:-1","max-image-preview":"max-image-preview:large","max-video-preview":"max-video-preview:-1"},"canonical":"https:\/\/www.lanestergym.fr\/index.php\/partenaires\/","og_locale":"fr_FR","og_type":"article","og_title":"Nos partenaires - Lanester Gym","og_description":"Metropolis Fun Park Lorient Terre de gymnaste V and B Caudan La cave du bonheur Carrefour city Lanester Intersport Lanester L&rsquo;Expresso Comit\u00e9 de Bretagne FFG Ville de Lanester Hoata Tiki Tattoo College Henri Wallon Lanester Lycee Jean Mac\u00e9 Lanester Coll\u00e8ge Notre-Dame du Pont Lanester","og_url":"https:\/\/www.lanestergym.fr\/index.php\/partenaires\/","og_site_name":"Lanester Gym","article_publisher":"https:\/\/www.facebook.com\/gym.lanester.14","article_modified_time":"2025-08-31T16:15:41+00:00","og_image":[{"url":"https:\/\/lorient.metropolisfunparc.com\/wp-content\/uploads\/2024\/06\/4-1.png","type":"","width":"","height":""}],"twitter_card":"summary_large_image","schema":{"@context":"https:\/\/schema.org","@graph":[{"@type":"WebPage","@id":"https:\/\/www.lanestergym.fr\/index.php\/partenaires\/","url":"https:\/\/www.lanestergym.fr\/index.php\/partenaires\/","name":"Nos partenaires - Lanester Gym","isPartOf":{"@id":"https:\/\/www.lanestergym.fr\/#website"},"primaryImageOfPage":{"@id":"https:\/\/www.lanestergym.fr\/index.php\/partenaires\/#primaryimage"},"image":{"@id":"https:\/\/www.lanestergym.fr\/index.php\/partenaires\/#primaryimage"},"thumbnailUrl":"https:\/\/lorient.metropolisfunparc.com\/wp-content\/uploads\/2024\/06\/4-1.png","datePublished":"2025-08-21T11:35:49+00:00","dateModified":"2025-08-31T16:15:41+00:00","breadcrumb":{"@id":"https:\/\/www.lanestergym.fr\/index.php\/partenaires\/#breadcrumb"},"inLanguage":"fr-FR","potentialAction":[{"@type":"ReadAction","target":["https:\/\/www.lanestergym.fr\/index.php\/partenaires\/"]}]},{"@type":"ImageObject","inLanguage":"fr-FR","@id":"https:\/\/www.lanestergym.fr\/index.php\/partenaires\/#primaryimage","url":"https:\/\/lorient.metropolisfunparc.com\/wp-content\/uploads\/2024\/06\/4-1.png","contentUrl":"https:\/\/lorient.metropolisfunparc.com\/wp-content\/uploads\/2024\/06\/4-1.png"},{"@type":"BreadcrumbList","@id":"https:\/\/www.lanestergym.fr\/index.php\/partenaires\/#breadcrumb","itemListElement":[{"@type":"ListItem","position":1,"name":"Accueil","item":"https:\/\/www.lanestergym.fr\/"},{"@type":"ListItem","position":2,"name":"Nos partenaires"}]},{"@type":"WebSite","@id":"https:\/\/www.lanestergym.fr\/#website","url":"https:\/\/www.lanestergym.fr\/","name":"Lanester Gym","description":"Le club de gymnastique du pays Lorientais","publisher":{"@id":"https:\/\/www.lanestergym.fr\/#organization"},"potentialAction":[{"@type":"SearchAction","target":{"@type":"EntryPoint","urlTemplate":"https:\/\/www.lanestergym.fr\/?s={search_term_string}"},"query-input":{"@type":"PropertyValueSpecification","valueRequired":true,"valueName":"search_term_string"}}],"inLanguage":"fr-FR"},{"@type":"Organization","@id":"https:\/\/www.lanestergym.fr\/#organization","name":"Lanester Gym","url":"https:\/\/www.lanestergym.fr\/","logo":{"@type":"ImageObject","inLanguage":"fr-FR","@id":"https:\/\/www.lanestergym.fr\/#\/schema\/logo\/image\/","url":"https:\/\/www.lanestergym.fr\/wp-content\/uploads\/2025\/08\/logo.png","contentUrl":"https:\/\/www.lanestergym.fr\/wp-content\/uploads\/2025\/08\/logo.png","width":462,"height":333,"caption":"Lanester Gym"},"image":{"@id":"https:\/\/www.lanestergym.fr\/#\/schema\/logo\/image\/"},"sameAs":["https:\/\/www.facebook.com\/gym.lanester.14","https:\/\/www.instagram.com\/lanestergym\/"]}]}},"uagb_featured_image_src":{"full":false,"thumbnail":false,"medium":false,"medium_large":false,"large":false,"1536x1536":false,"2048x2048":false},"uagb_author_info":{"display_name":"jerome","author_link":"https:\/\/www.lanestergym.fr\/index.php\/author\/jerome\/"},"uagb_comment_info":0,"uagb_excerpt":"Metropolis Fun Park Lorient Terre de gymnaste V and B Caudan La cave du bonheur Carrefour city Lanester Intersport Lanester L&rsquo;Expresso Comit\u00e9 de Bretagne FFG Ville de Lanester Hoata Tiki Tattoo College Henri Wallon Lanester Lycee Jean Mac\u00e9 Lanester Coll\u00e8ge Notre-Dame du Pont Lanester","_links":{"self":[{"href":"https:\/\/www.lanestergym.fr\/index.php\/wp-json\/wp\/v2\/pages\/954","targetHints":{"allow":["GET"]}}],"collection":[{"href":"https:\/\/www.lanestergym.fr\/index.php\/wp-json\/wp\/v2\/pages"}],"about":[{"href":"https:\/\/www.lanestergym.fr\/index.php\/wp-json\/wp\/v2\/types\/page"}],"author":[{"embeddable":true,"href":"https:\/\/www.lanestergym.fr\/index.php\/wp-json\/wp\/v2\/users\/4"}],"replies":[{"embeddable":true,"href":"https:\/\/www.lanestergym.fr\/index.php\/wp-json\/wp\/v2\/comments?post=954"}],"version-history":[{"count":6,"href":"https:\/\/www.lanestergym.fr\/index.php\/wp-json\/wp\/v2\/pages\/954\/revisions"}],"predecessor-version":[{"id":1388,"href":"https:\/\/www.lanestergym.fr\/index.php\/wp-json\/wp\/v2\/pages\/954\/revisions\/1388"}],"wp:attachment":[{"href":"https:\/\/www.lanestergym.fr\/index.php\/wp-json\/wp\/v2\/media?parent=954"}],"curies":[{"name":"wp","href":"https:\/\/api.w.org\/{rel}","templated":true}]}}