{"id":953,"date":"2025-08-21T13:34:34","date_gmt":"2025-08-21T11:34:34","guid":{"rendered":"https:\/\/lanestergymdotfr.wordpress.com\/?page_id=33"},"modified":"2025-11-26T09:00:37","modified_gmt":"2025-11-26T08:00:37","slug":"agenda","status":"publish","type":"page","link":"https:\/\/www.lanestergym.fr\/index.php\/agenda\/","title":{"rendered":"Agenda"},"content":{"rendered":"\n<div class=\"wp-block-group alignwide is-vertical is-content-justification-center is-layout-flex wp-container-core-group-is-layout-4a19111a wp-block-group-is-layout-flex\" style=\"margin-top:var(--wp--preset--spacing--30);margin-bottom:var(--wp--preset--spacing--30)\">\n<div class=\"wp-block-group alignwide is-vertical is-content-justification-stretch is-layout-flex wp-container-core-group-is-layout-d275371d wp-block-group-is-layout-flex\">\n<h2 class=\"wp-block-heading alignwide has-text-align-center\" style=\"border-bottom-color:var(--wp--preset--color--contrast-3);border-bottom-width:1px\">Octobre<\/h2>\n\n\n\n<div class=\"wp-block-columns alignwide is-layout-flex wp-container-core-columns-is-layout-17fc1b09 wp-block-columns-is-layout-flex\">\n<div class=\"wp-block-column is-layout-flow wp-block-column-is-layout-flow\" style=\"flex-basis:66.66%\">\n<div class=\"wp-block-columns are-vertically-aligned-center animated fadeInRight o-anim-offset-20% has-background is-layout-flex wp-container-core-columns-is-layout-ff441eed wp-block-columns-is-layout-flex\" style=\"border-radius:20px;background-color:#372c4a;padding-top:var(--wp--preset--spacing--10);padding-right:var(--wp--preset--spacing--20);padding-bottom:var(--wp--preset--spacing--10);padding-left:var(--wp--preset--spacing--20);box-shadow:var(--wp--preset--shadow--natural)\">\n<div class=\"wp-block-column is-vertically-aligned-center has-text-color has-link-color wp-elements-be95e9803aa20a3f9fe5491a21f7979d is-layout-flow wp-block-column-is-layout-flow\" style=\"border-right-color:var(--wp--preset--color--base-2);border-right-width:1px;color:#e4385a;flex-basis:33.33%\">\n<p class=\"has-text-align-center has-large-font-size\">18 octobre<\/p>\n\n\n\n<p class=\"has-text-align-center has-large-font-size\">13h30<\/p>\n\n\n\n<p class=\"has-text-align-center has-large-font-size\">20h00<\/p>\n<\/div>\n\n\n\n<div class=\"wp-block-column is-vertically-aligned-center is-layout-flow wp-block-column-is-layout-flow\">\n<div class=\"wp-block-group is-vertical is-layout-flex wp-container-core-group-is-layout-fe9cc265 wp-block-group-is-layout-flex\">\n<h4 class=\"wp-block-heading has-text-color has-link-color wp-elements-734d69021af52e2fc435463b412560d6\" style=\"color:#e9cb5e\"><strong>Double loto<\/strong><\/h4>\n\n\n\n<p class=\"has-text-color has-link-color wp-elements-f5190e9db5a2fecc162ab3ecd5f9b0ed\" style=\"color:#f5f4f2\">Venez participez au double. 2 cessions, la premi\u00e8re \u00e0 13h30 (ouverture des portes \u00e0 11h) et la deuxi\u00e8me \u00e0 20h (ouverture des portes \u00e0 17h30).<\/p>\n<\/div>\n<\/div>\n\n\n\n<div class=\"wp-block-column is-vertically-aligned-center is-layout-flow wp-block-column-is-layout-flow\">\n<figure class=\"wp-block-image size-large has-custom-border\"><a href=\"https:\/\/www.lanestergym.fr\/index.php\/2025\/08\/24\/grand-double-loto-de-lanester-gym-18-octobre-2025-a-caudan\/\"><img decoding=\"async\" src=\"https:\/\/lanestergymdotfr.wordpress.com\/wp-content\/uploads\/2025\/08\/affiche-loto-2025.png?w=724\" alt=\"\" class=\"wp-image-117\" style=\"border-radius:15px\"\/><\/a><\/figure>\n<\/div>\n<\/div>\n<\/div>\n\n\n\n<div class=\"wp-block-column is-layout-flow wp-block-column-is-layout-flow\" style=\"flex-basis:33.33%\"><\/div>\n<\/div>\n<\/div>\n<\/div>\n","protected":false},"excerpt":{"rendered":"<p>Octobre 18 octobre 13h30 20h00 Double loto Venez participez au double. 2 cessions, la premi\u00e8re \u00e0 13h30 (ouverture des portes \u00e0 11h) et la deuxi\u00e8me \u00e0 20h (ouverture des portes \u00e0 17h30).<\/p>\n","protected":false},"author":4,"featured_media":0,"parent":0,"menu_order":0,"comment_status":"closed","ping_status":"closed","template":"","meta":{"_uag_custom_page_level_css":"","footnotes":""},"class_list":["post-953","page","type-page","status-publish","hentry"],"yoast_head":"<!-- This site is optimized with the Yoast SEO plugin v27.2 - https:\/\/yoast.com\/product\/yoast-seo-wordpress\/ -->\n<title>Agenda - Lanester Gym<\/title>\n<meta name=\"robots\" content=\"index, follow, max-snippet:-1, max-image-preview:large, max-video-preview:-1\" \/>\n<link rel=\"canonical\" href=\"https:\/\/www.lanestergym.fr\/index.php\/agenda\/\" \/>\n<meta property=\"og:locale\" content=\"fr_FR\" \/>\n<meta property=\"og:type\" content=\"article\" \/>\n<meta property=\"og:title\" content=\"Agenda - Lanester Gym\" \/>\n<meta property=\"og:description\" content=\"Octobre 18 octobre 13h30 20h00 Double loto Venez participez au double. 2 cessions, la premi\u00e8re \u00e0 13h30 (ouverture des portes \u00e0 11h) et la deuxi\u00e8me \u00e0 20h (ouverture des portes \u00e0 17h30).\" \/>\n<meta property=\"og:url\" content=\"https:\/\/www.lanestergym.fr\/index.php\/agenda\/\" \/>\n<meta property=\"og:site_name\" content=\"Lanester Gym\" \/>\n<meta property=\"article:publisher\" content=\"https:\/\/www.facebook.com\/gym.lanester.14\" \/>\n<meta property=\"article:modified_time\" content=\"2025-11-26T08:00:37+00:00\" \/>\n<meta name=\"twitter:card\" content=\"summary_large_image\" \/>\n<script type=\"application\/ld+json\" class=\"yoast-schema-graph\">{\"@context\":\"https:\/\/schema.org\",\"@graph\":[{\"@type\":\"WebPage\",\"@id\":\"https:\/\/www.lanestergym.fr\/index.php\/agenda\/\",\"url\":\"https:\/\/www.lanestergym.fr\/index.php\/agenda\/\",\"name\":\"Agenda - Lanester Gym\",\"isPartOf\":{\"@id\":\"https:\/\/www.lanestergym.fr\/#website\"},\"primaryImageOfPage\":{\"@id\":\"https:\/\/www.lanestergym.fr\/index.php\/agenda\/#primaryimage\"},\"image\":{\"@id\":\"https:\/\/www.lanestergym.fr\/index.php\/agenda\/#primaryimage\"},\"thumbnailUrl\":\"https:\/\/lanestergymdotfr.wordpress.com\/wp-content\/uploads\/2025\/08\/affiche-loto-2025.png?w=724\",\"datePublished\":\"2025-08-21T11:34:34+00:00\",\"dateModified\":\"2025-11-26T08:00:37+00:00\",\"breadcrumb\":{\"@id\":\"https:\/\/www.lanestergym.fr\/index.php\/agenda\/#breadcrumb\"},\"inLanguage\":\"fr-FR\",\"potentialAction\":[{\"@type\":\"ReadAction\",\"target\":[\"https:\/\/www.lanestergym.fr\/index.php\/agenda\/\"]}]},{\"@type\":\"ImageObject\",\"inLanguage\":\"fr-FR\",\"@id\":\"https:\/\/www.lanestergym.fr\/index.php\/agenda\/#primaryimage\",\"url\":\"https:\/\/lanestergymdotfr.wordpress.com\/wp-content\/uploads\/2025\/08\/affiche-loto-2025.png?w=724\",\"contentUrl\":\"https:\/\/lanestergymdotfr.wordpress.com\/wp-content\/uploads\/2025\/08\/affiche-loto-2025.png?w=724\"},{\"@type\":\"BreadcrumbList\",\"@id\":\"https:\/\/www.lanestergym.fr\/index.php\/agenda\/#breadcrumb\",\"itemListElement\":[{\"@type\":\"ListItem\",\"position\":1,\"name\":\"Accueil\",\"item\":\"https:\/\/www.lanestergym.fr\/\"},{\"@type\":\"ListItem\",\"position\":2,\"name\":\"Agenda\"}]},{\"@type\":\"WebSite\",\"@id\":\"https:\/\/www.lanestergym.fr\/#website\",\"url\":\"https:\/\/www.lanestergym.fr\/\",\"name\":\"Lanester Gym\",\"description\":\"Le club de gymnastique du pays Lorientais\",\"publisher\":{\"@id\":\"https:\/\/www.lanestergym.fr\/#organization\"},\"potentialAction\":[{\"@type\":\"SearchAction\",\"target\":{\"@type\":\"EntryPoint\",\"urlTemplate\":\"https:\/\/www.lanestergym.fr\/?s={search_term_string}\"},\"query-input\":{\"@type\":\"PropertyValueSpecification\",\"valueRequired\":true,\"valueName\":\"search_term_string\"}}],\"inLanguage\":\"fr-FR\"},{\"@type\":\"Organization\",\"@id\":\"https:\/\/www.lanestergym.fr\/#organization\",\"name\":\"Lanester Gym\",\"url\":\"https:\/\/www.lanestergym.fr\/\",\"logo\":{\"@type\":\"ImageObject\",\"inLanguage\":\"fr-FR\",\"@id\":\"https:\/\/www.lanestergym.fr\/#\/schema\/logo\/image\/\",\"url\":\"https:\/\/www.lanestergym.fr\/wp-content\/uploads\/2025\/08\/logo.png\",\"contentUrl\":\"https:\/\/www.lanestergym.fr\/wp-content\/uploads\/2025\/08\/logo.png\",\"width\":462,\"height\":333,\"caption\":\"Lanester Gym\"},\"image\":{\"@id\":\"https:\/\/www.lanestergym.fr\/#\/schema\/logo\/image\/\"},\"sameAs\":[\"https:\/\/www.facebook.com\/gym.lanester.14\",\"https:\/\/www.instagram.com\/lanestergym\/\"]}]}<\/script>\n<!-- \/ Yoast SEO plugin. -->","yoast_head_json":{"title":"Agenda - Lanester Gym","robots":{"index":"index","follow":"follow","max-snippet":"max-snippet:-1","max-image-preview":"max-image-preview:large","max-video-preview":"max-video-preview:-1"},"canonical":"https:\/\/www.lanestergym.fr\/index.php\/agenda\/","og_locale":"fr_FR","og_type":"article","og_title":"Agenda - Lanester Gym","og_description":"Octobre 18 octobre 13h30 20h00 Double loto Venez participez au double. 2 cessions, la premi\u00e8re \u00e0 13h30 (ouverture des portes \u00e0 11h) et la deuxi\u00e8me \u00e0 20h (ouverture des portes \u00e0 17h30).","og_url":"https:\/\/www.lanestergym.fr\/index.php\/agenda\/","og_site_name":"Lanester Gym","article_publisher":"https:\/\/www.facebook.com\/gym.lanester.14","article_modified_time":"2025-11-26T08:00:37+00:00","twitter_card":"summary_large_image","schema":{"@context":"https:\/\/schema.org","@graph":[{"@type":"WebPage","@id":"https:\/\/www.lanestergym.fr\/index.php\/agenda\/","url":"https:\/\/www.lanestergym.fr\/index.php\/agenda\/","name":"Agenda - Lanester Gym","isPartOf":{"@id":"https:\/\/www.lanestergym.fr\/#website"},"primaryImageOfPage":{"@id":"https:\/\/www.lanestergym.fr\/index.php\/agenda\/#primaryimage"},"image":{"@id":"https:\/\/www.lanestergym.fr\/index.php\/agenda\/#primaryimage"},"thumbnailUrl":"https:\/\/lanestergymdotfr.wordpress.com\/wp-content\/uploads\/2025\/08\/affiche-loto-2025.png?w=724","datePublished":"2025-08-21T11:34:34+00:00","dateModified":"2025-11-26T08:00:37+00:00","breadcrumb":{"@id":"https:\/\/www.lanestergym.fr\/index.php\/agenda\/#breadcrumb"},"inLanguage":"fr-FR","potentialAction":[{"@type":"ReadAction","target":["https:\/\/www.lanestergym.fr\/index.php\/agenda\/"]}]},{"@type":"ImageObject","inLanguage":"fr-FR","@id":"https:\/\/www.lanestergym.fr\/index.php\/agenda\/#primaryimage","url":"https:\/\/lanestergymdotfr.wordpress.com\/wp-content\/uploads\/2025\/08\/affiche-loto-2025.png?w=724","contentUrl":"https:\/\/lanestergymdotfr.wordpress.com\/wp-content\/uploads\/2025\/08\/affiche-loto-2025.png?w=724"},{"@type":"BreadcrumbList","@id":"https:\/\/www.lanestergym.fr\/index.php\/agenda\/#breadcrumb","itemListElement":[{"@type":"ListItem","position":1,"name":"Accueil","item":"https:\/\/www.lanestergym.fr\/"},{"@type":"ListItem","position":2,"name":"Agenda"}]},{"@type":"WebSite","@id":"https:\/\/www.lanestergym.fr\/#website","url":"https:\/\/www.lanestergym.fr\/","name":"Lanester Gym","description":"Le club de gymnastique du pays Lorientais","publisher":{"@id":"https:\/\/www.lanestergym.fr\/#organization"},"potentialAction":[{"@type":"SearchAction","target":{"@type":"EntryPoint","urlTemplate":"https:\/\/www.lanestergym.fr\/?s={search_term_string}"},"query-input":{"@type":"PropertyValueSpecification","valueRequired":true,"valueName":"search_term_string"}}],"inLanguage":"fr-FR"},{"@type":"Organization","@id":"https:\/\/www.lanestergym.fr\/#organization","name":"Lanester Gym","url":"https:\/\/www.lanestergym.fr\/","logo":{"@type":"ImageObject","inLanguage":"fr-FR","@id":"https:\/\/www.lanestergym.fr\/#\/schema\/logo\/image\/","url":"https:\/\/www.lanestergym.fr\/wp-content\/uploads\/2025\/08\/logo.png","contentUrl":"https:\/\/www.lanestergym.fr\/wp-content\/uploads\/2025\/08\/logo.png","width":462,"height":333,"caption":"Lanester Gym"},"image":{"@id":"https:\/\/www.lanestergym.fr\/#\/schema\/logo\/image\/"},"sameAs":["https:\/\/www.facebook.com\/gym.lanester.14","https:\/\/www.instagram.com\/lanestergym\/"]}]}},"uagb_featured_image_src":{"full":false,"thumbnail":false,"medium":false,"medium_large":false,"large":false,"1536x1536":false,"2048x2048":false},"uagb_author_info":{"display_name":"jerome","author_link":"https:\/\/www.lanestergym.fr\/index.php\/author\/jerome\/"},"uagb_comment_info":0,"uagb_excerpt":"Octobre 18 octobre 13h30 20h00 Double loto Venez participez au double. 2 cessions, la premi\u00e8re \u00e0 13h30 (ouverture des portes \u00e0 11h) et la deuxi\u00e8me \u00e0 20h (ouverture des portes \u00e0 17h30).","_links":{"self":[{"href":"https:\/\/www.lanestergym.fr\/index.php\/wp-json\/wp\/v2\/pages\/953","targetHints":{"allow":["GET"]}}],"collection":[{"href":"https:\/\/www.lanestergym.fr\/index.php\/wp-json\/wp\/v2\/pages"}],"about":[{"href":"https:\/\/www.lanestergym.fr\/index.php\/wp-json\/wp\/v2\/types\/page"}],"author":[{"embeddable":true,"href":"https:\/\/www.lanestergym.fr\/index.php\/wp-json\/wp\/v2\/users\/4"}],"replies":[{"embeddable":true,"href":"https:\/\/www.lanestergym.fr\/index.php\/wp-json\/wp\/v2\/comments?post=953"}],"version-history":[{"count":11,"href":"https:\/\/www.lanestergym.fr\/index.php\/wp-json\/wp\/v2\/pages\/953\/revisions"}],"predecessor-version":[{"id":1463,"href":"https:\/\/www.lanestergym.fr\/index.php\/wp-json\/wp\/v2\/pages\/953\/revisions\/1463"}],"wp:attachment":[{"href":"https:\/\/www.lanestergym.fr\/index.php\/wp-json\/wp\/v2\/media?parent=953"}],"curies":[{"name":"wp","href":"https:\/\/api.w.org\/{rel}","templated":true}]}}